{"id":120,"date":"2025-03-24T23:47:32","date_gmt":"2025-03-24T23:47:32","guid":{"rendered":"https:\/\/www.diversidadessinfronteras.cl\/?page_id=120"},"modified":"2025-05-02T22:24:37","modified_gmt":"2025-05-03T02:24:37","slug":"mision","status":"publish","type":"page","link":"https:\/\/www.diversidadessinfronteras.cl\/?page_id=120","title":{"rendered":"Misi\u00f3n y Visi\u00f3n"},"content":{"rendered":"\n<figure class=\"wp-block-image size-large\"><img loading=\"lazy\" decoding=\"async\" width=\"1024\" height=\"169\" src=\"https:\/\/www.diversidadessinfronteras.cl\/wp-content\/uploads\/2025\/04\/vision-final-1024x169.png\" alt=\"\" class=\"wp-image-572\" srcset=\"https:\/\/www.diversidadessinfronteras.cl\/wp-content\/uploads\/2025\/04\/vision-final-1024x169.png 1024w, https:\/\/www.diversidadessinfronteras.cl\/wp-content\/uploads\/2025\/04\/vision-final-300x50.png 300w, https:\/\/www.diversidadessinfronteras.cl\/wp-content\/uploads\/2025\/04\/vision-final-768x127.png 768w, https:\/\/www.diversidadessinfronteras.cl\/wp-content\/uploads\/2025\/04\/vision-final-1536x254.png 1536w, https:\/\/www.diversidadessinfronteras.cl\/wp-content\/uploads\/2025\/04\/vision-final-2048x339.png 2048w\" sizes=\"auto, (max-width: 1024px) 100vw, 1024px\" \/><\/figure>\n\n\n\n<p><\/p>\n\n\n<div class=\"wp-block-image\">\n<figure class=\"aligncenter size-full is-resized\"><img loading=\"lazy\" decoding=\"async\" width=\"719\" height=\"452\" src=\"https:\/\/www.diversidadessinfronteras.cl\/wp-content\/uploads\/2025\/04\/41CF5A8F-D924-4F46-98EE-EBDFA8462E24-1.png\" alt=\"\" class=\"wp-image-516\" style=\"width:100px;height:auto\" srcset=\"https:\/\/www.diversidadessinfronteras.cl\/wp-content\/uploads\/2025\/04\/41CF5A8F-D924-4F46-98EE-EBDFA8462E24-1.png 719w, https:\/\/www.diversidadessinfronteras.cl\/wp-content\/uploads\/2025\/04\/41CF5A8F-D924-4F46-98EE-EBDFA8462E24-1-300x189.png 300w, https:\/\/www.diversidadessinfronteras.cl\/wp-content\/uploads\/2025\/04\/41CF5A8F-D924-4F46-98EE-EBDFA8462E24-1-150x95.png 150w, https:\/\/www.diversidadessinfronteras.cl\/wp-content\/uploads\/2025\/04\/41CF5A8F-D924-4F46-98EE-EBDFA8462E24-1-400x250.png 400w\" sizes=\"auto, (max-width: 719px) 100vw, 719px\" \/><\/figure>\n<\/div>\n\n\n<p class=\"has-medium-font-size\" style=\"font-style:normal;font-weight:200\">En&nbsp;Diversidades sin Fronteras, nuestra misi\u00f3n es luchar por un mundo m\u00e1s justo, inclusivo y libre, donde todas las personas puedan vivir con dignidad y sin miedo a ser quienes son. Trabajamos cada d\u00eda para derribar prejuicios, promover el respeto y generar espacios seguros donde la diversidad sea celebrada y no cuestionada.<\/p>\n\n\n\n<p class=\"has-medium-font-size\" style=\"font-style:normal;font-weight:200\">Creemos en la responsabilidad de dejar un mundo mejor para las generaciones futuras, uno donde la identidad, el amor y la libertad no sean motivo de discriminaci\u00f3n, sino pilares fundamentales de una sociedad m\u00e1s humana y equitativa. A trav\u00e9s de la educaci\u00f3n, la visibilizaci\u00f3n y el apoyo mutuo, construimos puentes para que nadie se sienta solo en su camino.<\/p>\n\n\n\n<p class=\"has-medium-font-size\" style=\"font-style:normal;font-weight:200\">Nuestro compromiso es claro: transformar la realidad con acciones concretas, alzar la voz por quienes a\u00fan no pueden hacerlo y sembrar la semilla de un futuro sin barreras ni etiquetas, donde lo \u00fanico que importe sea el bienestar de todas las personas.<\/p>\n\n\n\n<p class=\"has-medium-font-size\" style=\"font-style:normal;font-weight:200\">Porque el cambio comienza hoy, y es tarea de tod@s construir el mundo que merecemos.&nbsp;\ud83c\udf08\ud83d\udc9c<\/p>\n\n\n\n<hr class=\"wp-block-separator has-alpha-channel-opacity is-style-dots\"\/>\n\n\n<div class=\"wp-block-image\">\n<figure class=\"aligncenter size-full is-resized\"><img loading=\"lazy\" decoding=\"async\" width=\"656\" height=\"526\" src=\"https:\/\/www.diversidadessinfronteras.cl\/wp-content\/uploads\/2025\/04\/E768825B-4B09-43ED-88D5-3AE35C8D35E1.png\" alt=\"\" class=\"wp-image-517\" style=\"width:99px;height:auto\" srcset=\"https:\/\/www.diversidadessinfronteras.cl\/wp-content\/uploads\/2025\/04\/E768825B-4B09-43ED-88D5-3AE35C8D35E1.png 656w, https:\/\/www.diversidadessinfronteras.cl\/wp-content\/uploads\/2025\/04\/E768825B-4B09-43ED-88D5-3AE35C8D35E1-300x241.png 300w\" sizes=\"auto, (max-width: 656px) 100vw, 656px\" \/><\/figure>\n<\/div>\n\n\n<p class=\"has-medium-font-size\" style=\"font-style:normal;font-weight:200\">Como visi\u00f3n so\u00f1amos con un mundo donde las etiquetas no definan a las personas, donde la diversidad sea parte natural de la sociedad y donde el respeto y el amor sean los \u00fanicos principios que nos gu\u00eden.<\/p>\n\n\n\n<p class=\"has-medium-font-size\" style=\"font-style:normal;font-weight:200\">Imaginamos un futuro en el que nadie tenga que justificar qui\u00e9n es o a qui\u00e9n ama, porque la identidad y la orientaci\u00f3n no sean motivo de discriminaci\u00f3n, sino simplemente una expresi\u00f3n m\u00e1s de la belleza humana. Queremos construir una comunidad donde cada persona sea valorada por lo que es, sin miedo, sin prejuicios y sin fronteras que limiten su derecho a ser feliz.<\/p>\n\n\n\n<p class=\"has-medium-font-size\" style=\"font-style:normal;font-weight:200\">Trabajamos por una sociedad m\u00e1s justa, libre y diversa, donde lo \u00fanico que importe sea el bienestar, la dignidad y la felicidad de cada ser humano. En este camino, sabemos que el cambio es posible y que, juntos, podemos hacer que ese futuro sea una realidad.<\/p>\n\n\n\n<p class=\"has-medium-font-size\" style=\"font-style:normal;font-weight:200\">Porque el amor no tiene etiquetas y la diversidad es nuestra mayor riqueza.&nbsp;\ud83c\udf0e\ud83c\udf08<\/p>\n<div class=\"pvc_clear\"><\/div><p id=\"pvc_stats_120\" class=\"pvc_stats all  \" data-element-id=\"120\" style=\"\"><i class=\"pvc-stats-icon large\" aria-hidden=\"true\"><svg xmlns=\"http:\/\/www.w3.org\/2000\/svg\" version=\"1.0\" viewBox=\"0 0 502 315\" preserveAspectRatio=\"xMidYMid meet\"><g transform=\"translate(0,332) scale(0.1,-0.1)\" fill=\"\" stroke=\"none\"><path d=\"M2394 3279 l-29 -30 -3 -207 c-2 -182 0 -211 15 -242 39 -76 157 -76 196 0 15 31 17 60 15 243 l-3 209 -33 29 c-26 23 -41 29 -80 29 -41 0 -53 -5 -78 -31z\"\/><path d=\"M3085 3251 c-45 -19 -58 -50 -96 -229 -47 -217 -49 -260 -13 -295 52 -53 146 -42 177 20 16 31 87 366 87 410 0 70 -86 122 -155 94z\"\/><path d=\"M1751 3234 c-13 -9 -29 -31 -37 -50 -12 -29 -10 -49 21 -204 19 -94 39 -189 45 -210 14 -50 54 -80 110 -80 34 0 48 6 76 34 21 21 34 44 34 59 0 14 -18 113 -40 219 -37 178 -43 195 -70 221 -36 32 -101 37 -139 11z\"\/><path d=\"M1163 3073 c-36 -7 -73 -59 -73 -102 0 -56 133 -378 171 -413 34 -32 83 -37 129 -13 70 36 67 87 -16 290 -86 209 -89 214 -129 231 -35 14 -42 15 -82 7z\"\/><path d=\"M3689 3066 c-15 -9 -33 -30 -42 -48 -48 -103 -147 -355 -147 -375 0 -98 131 -148 192 -74 13 15 57 108 97 206 80 196 84 226 37 273 -30 30 -99 39 -137 18z\"\/><path d=\"M583 2784 c-38 -19 -67 -74 -58 -113 9 -42 211 -354 242 -373 16 -10 45 -18 66 -18 51 0 107 52 107 100 0 39 -1 41 -124 234 -80 126 -108 162 -133 173 -41 17 -61 16 -100 -3z\"\/><path d=\"M4250 2784 c-14 -9 -74 -91 -133 -183 -95 -150 -107 -173 -107 -213 0 -55 33 -94 87 -104 67 -13 90 8 211 198 130 202 137 225 78 284 -27 27 -42 34 -72 34 -22 0 -50 -8 -64 -16z\"\/><path d=\"M2275 2693 c-553 -48 -1095 -270 -1585 -649 -135 -104 -459 -423 -483 -476 -23 -49 -22 -139 2 -186 73 -142 361 -457 571 -626 285 -228 642 -407 990 -497 242 -63 336 -73 660 -74 310 0 370 5 595 52 535 111 1045 392 1455 803 122 121 250 273 275 326 19 41 19 137 0 174 -41 79 -309 363 -465 492 -447 370 -946 591 -1479 653 -113 14 -422 18 -536 8z m395 -428 c171 -34 330 -124 456 -258 112 -119 167 -219 211 -378 27 -96 24 -300 -5 -401 -72 -255 -236 -447 -474 -557 -132 -62 -201 -76 -368 -76 -167 0 -236 14 -368 76 -213 98 -373 271 -451 485 -162 444 86 934 547 1084 153 49 292 57 452 25z m909 -232 c222 -123 408 -262 593 -441 76 -74 138 -139 138 -144 0 -16 -233 -242 -330 -319 -155 -123 -309 -223 -461 -299 l-81 -41 32 46 c18 26 49 83 70 128 143 306 141 649 -6 957 -25 52 -61 116 -79 142 l-34 47 45 -20 c26 -10 76 -36 113 -56z m-2057 25 c-40 -58 -105 -190 -130 -263 -110 -324 -59 -707 132 -981 25 -35 42 -64 37 -64 -19 0 -241 119 -326 174 -188 122 -406 314 -532 468 l-58 71 108 103 c185 178 428 349 672 473 66 33 121 60 123 61 2 0 -10 -19 -26 -42z\"\/><path d=\"M2375 1950 c-198 -44 -350 -190 -395 -379 -18 -76 -8 -221 19 -290 114 -284 457 -406 731 -260 98 52 188 154 231 260 27 69 37 214 19 290 -38 163 -166 304 -326 360 -67 23 -215 33 -279 19z\"\/><\/g><\/svg><\/i> <img loading=\"lazy\" decoding=\"async\" width=\"16\" height=\"16\" alt=\"Loading\" src=\"https:\/\/www.diversidadessinfronteras.cl\/wp-content\/plugins\/page-views-count\/ajax-loader-2x.gif\" border=0 \/><\/p><div class=\"pvc_clear\"><\/div>","protected":false},"excerpt":{"rendered":"<p>En&nbsp;Diversidades sin Fronteras, nuestra misi\u00f3n es luchar por un mundo m\u00e1s justo, inclusivo y libre, donde todas las personas puedan vivir con dignidad y sin miedo a ser quienes son&#8230;.<\/p>\n<div class=\"pvc_clear\"><\/div>\n<p id=\"pvc_stats_120\" class=\"pvc_stats all  \" data-element-id=\"120\" style=\"\"><i class=\"pvc-stats-icon large\" aria-hidden=\"true\"><svg xmlns=\"http:\/\/www.w3.org\/2000\/svg\" version=\"1.0\" viewBox=\"0 0 502 315\" preserveAspectRatio=\"xMidYMid meet\"><g transform=\"translate(0,332) scale(0.1,-0.1)\" fill=\"\" stroke=\"none\"><path d=\"M2394 3279 l-29 -30 -3 -207 c-2 -182 0 -211 15 -242 39 -76 157 -76 196 0 15 31 17 60 15 243 l-3 209 -33 29 c-26 23 -41 29 -80 29 -41 0 -53 -5 -78 -31z\"\/><path d=\"M3085 3251 c-45 -19 -58 -50 -96 -229 -47 -217 -49 -260 -13 -295 52 -53 146 -42 177 20 16 31 87 366 87 410 0 70 -86 122 -155 94z\"\/><path d=\"M1751 3234 c-13 -9 -29 -31 -37 -50 -12 -29 -10 -49 21 -204 19 -94 39 -189 45 -210 14 -50 54 -80 110 -80 34 0 48 6 76 34 21 21 34 44 34 59 0 14 -18 113 -40 219 -37 178 -43 195 -70 221 -36 32 -101 37 -139 11z\"\/><path d=\"M1163 3073 c-36 -7 -73 -59 -73 -102 0 -56 133 -378 171 -413 34 -32 83 -37 129 -13 70 36 67 87 -16 290 -86 209 -89 214 -129 231 -35 14 -42 15 -82 7z\"\/><path d=\"M3689 3066 c-15 -9 -33 -30 -42 -48 -48 -103 -147 -355 -147 -375 0 -98 131 -148 192 -74 13 15 57 108 97 206 80 196 84 226 37 273 -30 30 -99 39 -137 18z\"\/><path d=\"M583 2784 c-38 -19 -67 -74 -58 -113 9 -42 211 -354 242 -373 16 -10 45 -18 66 -18 51 0 107 52 107 100 0 39 -1 41 -124 234 -80 126 -108 162 -133 173 -41 17 -61 16 -100 -3z\"\/><path d=\"M4250 2784 c-14 -9 -74 -91 -133 -183 -95 -150 -107 -173 -107 -213 0 -55 33 -94 87 -104 67 -13 90 8 211 198 130 202 137 225 78 284 -27 27 -42 34 -72 34 -22 0 -50 -8 -64 -16z\"\/><path d=\"M2275 2693 c-553 -48 -1095 -270 -1585 -649 -135 -104 -459 -423 -483 -476 -23 -49 -22 -139 2 -186 73 -142 361 -457 571 -626 285 -228 642 -407 990 -497 242 -63 336 -73 660 -74 310 0 370 5 595 52 535 111 1045 392 1455 803 122 121 250 273 275 326 19 41 19 137 0 174 -41 79 -309 363 -465 492 -447 370 -946 591 -1479 653 -113 14 -422 18 -536 8z m395 -428 c171 -34 330 -124 456 -258 112 -119 167 -219 211 -378 27 -96 24 -300 -5 -401 -72 -255 -236 -447 -474 -557 -132 -62 -201 -76 -368 -76 -167 0 -236 14 -368 76 -213 98 -373 271 -451 485 -162 444 86 934 547 1084 153 49 292 57 452 25z m909 -232 c222 -123 408 -262 593 -441 76 -74 138 -139 138 -144 0 -16 -233 -242 -330 -319 -155 -123 -309 -223 -461 -299 l-81 -41 32 46 c18 26 49 83 70 128 143 306 141 649 -6 957 -25 52 -61 116 -79 142 l-34 47 45 -20 c26 -10 76 -36 113 -56z m-2057 25 c-40 -58 -105 -190 -130 -263 -110 -324 -59 -707 132 -981 25 -35 42 -64 37 -64 -19 0 -241 119 -326 174 -188 122 -406 314 -532 468 l-58 71 108 103 c185 178 428 349 672 473 66 33 121 60 123 61 2 0 -10 -19 -26 -42z\"\/><path d=\"M2375 1950 c-198 -44 -350 -190 -395 -379 -18 -76 -8 -221 19 -290 114 -284 457 -406 731 -260 98 52 188 154 231 260 27 69 37 214 19 290 -38 163 -166 304 -326 360 -67 23 -215 33 -279 19z\"\/><\/g><\/svg><\/i> <img loading=\"lazy\" decoding=\"async\" width=\"16\" height=\"16\" alt=\"Loading\" src=\"https:\/\/www.diversidadessinfronteras.cl\/wp-content\/plugins\/page-views-count\/ajax-loader-2x.gif\" border=0 \/><\/p>\n<div class=\"pvc_clear\"><\/div>\n","protected":false},"author":1,"featured_media":0,"parent":0,"menu_order":0,"comment_status":"closed","ping_status":"closed","template":"","meta":{"give_campaign_id":0,"_price":"","_stock":"","_tribe_ticket_header":"","_tribe_default_ticket_provider":"","_tribe_ticket_capacity":"0","_ticket_start_date":"","_ticket_end_date":"","_tribe_ticket_show_description":"","_tribe_ticket_show_not_going":false,"_tribe_ticket_use_global_stock":"","_tribe_ticket_global_stock_level":"","_global_stock_mode":"","_global_stock_cap":"","_tribe_rsvp_for_event":"","_tribe_ticket_going_count":"","_tribe_ticket_not_going_count":"","_tribe_tickets_list":"[]","_tribe_ticket_has_attendee_info_fields":false,"footnotes":"","_tec_slr_enabled":"","_tec_slr_layout":""},"class_list":["post-120","page","type-page","status-publish","hentry"],"campaignId":"","ticketed":false,"_links":{"self":[{"href":"https:\/\/www.diversidadessinfronteras.cl\/index.php?rest_route=\/wp\/v2\/pages\/120","targetHints":{"allow":["GET"]}}],"collection":[{"href":"https:\/\/www.diversidadessinfronteras.cl\/index.php?rest_route=\/wp\/v2\/pages"}],"about":[{"href":"https:\/\/www.diversidadessinfronteras.cl\/index.php?rest_route=\/wp\/v2\/types\/page"}],"author":[{"embeddable":true,"href":"https:\/\/www.diversidadessinfronteras.cl\/index.php?rest_route=\/wp\/v2\/users\/1"}],"replies":[{"embeddable":true,"href":"https:\/\/www.diversidadessinfronteras.cl\/index.php?rest_route=%2Fwp%2Fv2%2Fcomments&post=120"}],"version-history":[{"count":18,"href":"https:\/\/www.diversidadessinfronteras.cl\/index.php?rest_route=\/wp\/v2\/pages\/120\/revisions"}],"predecessor-version":[{"id":575,"href":"https:\/\/www.diversidadessinfronteras.cl\/index.php?rest_route=\/wp\/v2\/pages\/120\/revisions\/575"}],"wp:attachment":[{"href":"https:\/\/www.diversidadessinfronteras.cl\/index.php?rest_route=%2Fwp%2Fv2%2Fmedia&parent=120"}],"curies":[{"name":"wp","href":"https:\/\/api.w.org\/{rel}","templated":true}]}}